{"id":6113,"date":"2024-10-16T14:24:30","date_gmt":"2024-10-16T12:24:30","guid":{"rendered":"https:\/\/muzikinis-teatras.tandemumstage.space\/archive-of-performances\/"},"modified":"2025-12-01T17:04:25","modified_gmt":"2025-12-01T15:04:25","slug":"archive-of-performances","status":"publish","type":"page","link":"https:\/\/muzikinis-teatras.tandemumstage.space\/en\/archive-of-performances\/","title":{"rendered":"Archive of Performances"},"content":{"rendered":"<div class=\"shows\">\n    <div class=\"container\">\n        <form class=\"shows__filters\" method=\"get\" action=\"\">\n            <div class=\"shows__filter\">\n                <input type=\"text\" name=\"search\" class=\"shows__input\"\n                    placeholder=\"Search\" value=\"\" \/>\n                <button class=\"shows__submit\" type=\"submit\">\n                    <span class=\"icon-search\"><\/span>\n                    <span class=\"screen-reader-text\">Search<\/span>\n                <\/button>\n            <\/div>\n\n            \n                        <div class=\"shows__filter shows__filter--half\">\n                <select class=\"shows__select\" name=\"genre\" data-placeholder=\"Genre\">\n                    <option value=\"\">Genre<\/option>\n                                        <option value=\"opera-en-2\" >\n                        Opera                    <\/option>\n                                        <option value=\"dance-performance-en\" >\n                        Dance performance                    <\/option>\n                                        <option value=\"musical-en\" >\n                        Musical                    <\/option>\n                                        <option value=\"concert-en\" >\n                        Concert                    <\/option>\n                                        <option value=\"operetta\" >\n                        Operetta                    <\/option>\n                                        <option value=\"for-children\" >\n                        For children                    <\/option>\n                                        <option value=\"musical-revue\" >\n                        Musical revue                    <\/option>\n                                        <option value=\"ballet\" >\n                        Ballet                    <\/option>\n                                    <\/select>\n                <div class=\"shows__filter-modal\">\n                    <div class=\"shows__filter-modal-content\">\n                        <div class=\"shows__filter-modal-header\">\n                            <h2 class=\"shows__filter-modal-title\">Genre<\/h2>\n                            <button type=\"button\" class=\"shows__filter-modal-close\">\u00d7<\/button>\n                        <\/div>\n                        <div class=\"shows__filter-modal-body\">\n                            <div class=\"shows__filter-select-dropdown-wrapper\"><\/div>\n                            <div class=\"shows__filter-modal-button-wrap\">\n                                <button type=\"button\" class=\"shows__filter-modal-button button button--brand\">\n                                    Filter                                <\/button>\n                            <\/div>\n                        <\/div>\n                    <\/div>\n                <\/div>\n            <\/div>\n                    <\/form>\n\n                <div class=\"shows__items\">\n                        <div class=\"shows__item\">\n                <a href=\"https:\/\/muzikinis-teatras.tandemumstage.space\/en\/shows\/lucia-di-lammermoor\/\">\n                    <div class=\"shows__item-image\">\n                        <img loading=\"lazy\" decoding=\"async\" width=\"250\" height=\"348\" src=\"https:\/\/muzikinis-teatras.tandemumstage.space\/app\/uploads\/2024\/12\/Liucija_di_lamermur.jpeg\" class=\"attachment-tandemum-large size-tandemum-large wp-post-image\" alt=\"\" srcset=\"https:\/\/muzikinis-teatras.tandemumstage.space\/app\/uploads\/2024\/12\/Liucija_di_lamermur.jpeg 250w, https:\/\/muzikinis-teatras.tandemumstage.space\/app\/uploads\/2024\/12\/Liucija_di_lamermur-216x300.jpeg 216w\" sizes=\"auto, (max-width: 250px) 100vw, 250px\" \/>                    <\/div>\n                    <div class=\"shows__item-content\">\n                        <span class=\"shows__item-tag\">Opera<\/span>\n                        <strong class=\"shows__item-title\">Lucia di Lammermoor<\/strong>\n                    <\/div>\n                <\/a>\n            <\/div>\n                        <div class=\"shows__item\">\n                <a href=\"https:\/\/muzikinis-teatras.tandemumstage.space\/en\/shows\/kiss-me-kate\/\">\n                    <div class=\"shows__item-image\">\n                        <img loading=\"lazy\" decoding=\"async\" width=\"250\" height=\"358\" src=\"https:\/\/muzikinis-teatras.tandemumstage.space\/app\/uploads\/2024\/12\/Buciuok_mane_Keit.jpg\" class=\"attachment-tandemum-large size-tandemum-large wp-post-image\" alt=\"\" srcset=\"https:\/\/muzikinis-teatras.tandemumstage.space\/app\/uploads\/2024\/12\/Buciuok_mane_Keit.jpg 250w, https:\/\/muzikinis-teatras.tandemumstage.space\/app\/uploads\/2024\/12\/Buciuok_mane_Keit-209x300.jpg 209w\" sizes=\"auto, (max-width: 250px) 100vw, 250px\" \/>                    <\/div>\n                    <div class=\"shows__item-content\">\n                        <span class=\"shows__item-tag\">Musical<\/span>\n                        <strong class=\"shows__item-title\">Kiss me Kate<\/strong>\n                    <\/div>\n                <\/a>\n            <\/div>\n                        <div class=\"shows__item\">\n                <a href=\"https:\/\/muzikinis-teatras.tandemumstage.space\/en\/shows\/faust\/\">\n                    <div class=\"shows__item-image\">\n                        <img loading=\"lazy\" decoding=\"async\" width=\"250\" height=\"358\" src=\"https:\/\/muzikinis-teatras.tandemumstage.space\/app\/uploads\/2024\/12\/Faustas2.jpeg\" class=\"attachment-tandemum-large size-tandemum-large wp-post-image\" alt=\"\" srcset=\"https:\/\/muzikinis-teatras.tandemumstage.space\/app\/uploads\/2024\/12\/Faustas2.jpeg 250w, https:\/\/muzikinis-teatras.tandemumstage.space\/app\/uploads\/2024\/12\/Faustas2-209x300.jpeg 209w\" sizes=\"auto, (max-width: 250px) 100vw, 250px\" \/>                    <\/div>\n                    <div class=\"shows__item-content\">\n                        <span class=\"shows__item-tag\">Opera<\/span>\n                        <strong class=\"shows__item-title\">Faust<\/strong>\n                    <\/div>\n                <\/a>\n            <\/div>\n                        <div class=\"shows__item\">\n                <a href=\"https:\/\/muzikinis-teatras.tandemumstage.space\/en\/shows\/bona-the-queen\/\">\n                    <div class=\"shows__item-image\">\n                        <img loading=\"lazy\" decoding=\"async\" width=\"250\" height=\"358\" src=\"https:\/\/muzikinis-teatras.tandemumstage.space\/app\/uploads\/2024\/12\/Karaliene_-Bona.jpg\" class=\"attachment-tandemum-large size-tandemum-large wp-post-image\" alt=\"\" srcset=\"https:\/\/muzikinis-teatras.tandemumstage.space\/app\/uploads\/2024\/12\/Karaliene_-Bona.jpg 250w, https:\/\/muzikinis-teatras.tandemumstage.space\/app\/uploads\/2024\/12\/Karaliene_-Bona-209x300.jpg 209w\" sizes=\"auto, (max-width: 250px) 100vw, 250px\" \/>                    <\/div>\n                    <div class=\"shows__item-content\">\n                        <span class=\"shows__item-tag\">Opera<\/span>\n                        <strong class=\"shows__item-title\">(Bona &#8211; The Queen)<\/strong>\n                    <\/div>\n                <\/a>\n            <\/div>\n                        <div class=\"shows__item\">\n                <a href=\"https:\/\/muzikinis-teatras.tandemumstage.space\/en\/shows\/guliverio-keliones\/\">\n                    <div class=\"shows__item-image\">\n                        <img loading=\"lazy\" decoding=\"async\" width=\"250\" height=\"359\" src=\"https:\/\/muzikinis-teatras.tandemumstage.space\/app\/uploads\/2024\/12\/295.jpg\" class=\"attachment-tandemum-large size-tandemum-large wp-post-image\" alt=\"\" srcset=\"https:\/\/muzikinis-teatras.tandemumstage.space\/app\/uploads\/2024\/12\/295.jpg 250w, https:\/\/muzikinis-teatras.tandemumstage.space\/app\/uploads\/2024\/12\/295-209x300.jpg 209w\" sizes=\"auto, (max-width: 250px) 100vw, 250px\" \/>                    <\/div>\n                    <div class=\"shows__item-content\">\n                        <span class=\"shows__item-tag\">For children<\/span>\n                        <strong class=\"shows__item-title\">Guliverio kelion\u0117s<\/strong>\n                    <\/div>\n                <\/a>\n            <\/div>\n                        <div class=\"shows__item\">\n                <a href=\"https:\/\/muzikinis-teatras.tandemumstage.space\/en\/shows\/countess-mariza\/\">\n                    <div class=\"shows__item-image\">\n                        <img loading=\"lazy\" decoding=\"async\" width=\"250\" height=\"355\" src=\"https:\/\/muzikinis-teatras.tandemumstage.space\/app\/uploads\/2024\/12\/Grafaite_marica.jpg\" class=\"attachment-tandemum-large size-tandemum-large wp-post-image\" alt=\"\" srcset=\"https:\/\/muzikinis-teatras.tandemumstage.space\/app\/uploads\/2024\/12\/Grafaite_marica.jpg 250w, https:\/\/muzikinis-teatras.tandemumstage.space\/app\/uploads\/2024\/12\/Grafaite_marica-211x300.jpg 211w\" sizes=\"auto, (max-width: 250px) 100vw, 250px\" \/>                    <\/div>\n                    <div class=\"shows__item-content\">\n                        <span class=\"shows__item-tag\">Operetta<\/span>\n                        <strong class=\"shows__item-title\">Countess Mariza<\/strong>\n                    <\/div>\n                <\/a>\n            <\/div>\n                        <div class=\"shows__item\">\n                <a href=\"https:\/\/muzikinis-teatras.tandemumstage.space\/en\/shows\/war-and-peace-of-mushrooms\/\">\n                    <div class=\"shows__item-image\">\n                        <img loading=\"lazy\" decoding=\"async\" width=\"250\" height=\"358\" src=\"https:\/\/muzikinis-teatras.tandemumstage.space\/app\/uploads\/2024\/12\/Grybu_-karas_ir_taika.jpg\" class=\"attachment-tandemum-large size-tandemum-large wp-post-image\" alt=\"\" srcset=\"https:\/\/muzikinis-teatras.tandemumstage.space\/app\/uploads\/2024\/12\/Grybu_-karas_ir_taika.jpg 250w, https:\/\/muzikinis-teatras.tandemumstage.space\/app\/uploads\/2024\/12\/Grybu_-karas_ir_taika-209x300.jpg 209w\" sizes=\"auto, (max-width: 250px) 100vw, 250px\" \/>                    <\/div>\n                    <div class=\"shows__item-content\">\n                        <span class=\"shows__item-tag\">For children<\/span>\n                        <strong class=\"shows__item-title\">War And Peace Of Mushrooms<\/strong>\n                    <\/div>\n                <\/a>\n            <\/div>\n                        <div class=\"shows__item\">\n                <a href=\"https:\/\/muzikinis-teatras.tandemumstage.space\/en\/shows\/carmen\/\">\n                    <div class=\"shows__item-image\">\n                        <img loading=\"lazy\" decoding=\"async\" width=\"250\" height=\"358\" src=\"https:\/\/muzikinis-teatras.tandemumstage.space\/app\/uploads\/2024\/12\/Karmen.jpg\" class=\"attachment-tandemum-large size-tandemum-large wp-post-image\" alt=\"\" srcset=\"https:\/\/muzikinis-teatras.tandemumstage.space\/app\/uploads\/2024\/12\/Karmen.jpg 250w, https:\/\/muzikinis-teatras.tandemumstage.space\/app\/uploads\/2024\/12\/Karmen-209x300.jpg 209w\" sizes=\"auto, (max-width: 250px) 100vw, 250px\" \/>                    <\/div>\n                    <div class=\"shows__item-content\">\n                        <span class=\"shows__item-tag\">Opera<\/span>\n                        <strong class=\"shows__item-title\">(Carmen)<\/strong>\n                    <\/div>\n                <\/a>\n            <\/div>\n                        <div class=\"shows__item\">\n                <a href=\"https:\/\/muzikinis-teatras.tandemumstage.space\/en\/shows\/martha\/\">\n                    <div class=\"shows__item-image\">\n                        <img loading=\"lazy\" decoding=\"async\" width=\"250\" height=\"358\" src=\"https:\/\/muzikinis-teatras.tandemumstage.space\/app\/uploads\/2024\/12\/Marta.jpg\" class=\"attachment-tandemum-large size-tandemum-large wp-post-image\" alt=\"\" srcset=\"https:\/\/muzikinis-teatras.tandemumstage.space\/app\/uploads\/2024\/12\/Marta.jpg 250w, https:\/\/muzikinis-teatras.tandemumstage.space\/app\/uploads\/2024\/12\/Marta-209x300.jpg 209w\" sizes=\"auto, (max-width: 250px) 100vw, 250px\" \/>                    <\/div>\n                    <div class=\"shows__item-content\">\n                        <span class=\"shows__item-tag\">Opera<\/span>\n                        <strong class=\"shows__item-title\">Martha<\/strong>\n                    <\/div>\n                <\/a>\n            <\/div>\n                    <\/div>\n\n                <div class=\"pagination\">\n\n            \n                                                <span class=\"pagination__page-number pagination__page-number--current\">\n                        1                    <\/span>\n                                                                <a href=\"https:\/\/muzikinis-teatras.tandemumstage.space\/en\/wp-json\/wp\/v2\/pages\/6113\/page\/2\/\"\n                        class=\"pagination__page-number\">\n                        2                    <\/a>\n                                                                <a href=\"https:\/\/muzikinis-teatras.tandemumstage.space\/en\/wp-json\/wp\/v2\/pages\/6113\/page\/3\/\"\n                        class=\"pagination__page-number\">\n                        3                    <\/a>\n                                                                <a href=\"https:\/\/muzikinis-teatras.tandemumstage.space\/en\/wp-json\/wp\/v2\/pages\/6113\/page\/4\/\"\n                        class=\"pagination__page-number\">\n                        4                    <\/a>\n                                                                <span class=\"pagination__ellipsis\">\n                        &#8230;                    <\/span>\n                                                                <a href=\"https:\/\/muzikinis-teatras.tandemumstage.space\/en\/wp-json\/wp\/v2\/pages\/6113\/page\/6\/\"\n                        class=\"pagination__page-number\">\n                        6                    <\/a>\n                            \n                            <a href=\"https:\/\/muzikinis-teatras.tandemumstage.space\/en\/wp-json\/wp\/v2\/pages\/6113\/page\/2\/\"\n                    class=\"pagination__button-arrow button button--white \">\n                    <span class=\"icon-forward\"><\/span>\n                <\/a>\n            \n        <\/div>\n        \n        \n    <\/div>\n<\/div><div class=\"cta cta--brand\">\n        <div class=\"container\">\n            <h2 class=\"cta__title\">Would you like to give the gift of a musical experience?<\/h2>\n\n            <p class=\"cta__text\">Tai geriausia dovana! Jums pakanka \u017einoti, koki\u0105 sum\u0105 norite padovanoti, o spektakl\u012f gal\u0117s i\u0161sirinkti pats \u017emogus. <\/p>\n\n                            <div class=\"cta__button-wrap\">\n                    <a href=\"\/gift-coupon\/\" class=\"button button__link button--white\">\n                        Gift Coupon                    <\/a>\n                <\/div>\n                    <\/div>\n    <\/div>","protected":false},"excerpt":{"rendered":"","protected":false},"author":1,"featured_media":0,"parent":0,"menu_order":24,"comment_status":"closed","ping_status":"closed","template":"template-page-shows.blade.php","meta":{"_acf_changed":false,"inline_featured_image":false,"footnotes":""},"class_list":["post-6113","page","type-page","status-publish","hentry"],"acf":[],"yoast_head":"<!-- This site is optimized with the Yoast SEO plugin v24.9 - https:\/\/yoast.com\/wordpress\/plugins\/seo\/ -->\n<title>Archive of Performances - Muzikinis Teatras<\/title>\n<meta name=\"robots\" content=\"noindex, follow, max-snippet:-1, max-image-preview:large, max-video-preview:-1\" \/>\n<meta property=\"og:locale\" content=\"en_US\" \/>\n<meta property=\"og:type\" content=\"article\" \/>\n<meta property=\"og:title\" content=\"Archive of Performances - Muzikinis Teatras\" \/>\n<meta property=\"og:url\" content=\"https:\/\/muzikinis-teatras.tandemumstage.space\/en\/archive-of-performances\/\" \/>\n<meta property=\"og:site_name\" content=\"Muzikinis Teatras\" \/>\n<meta property=\"article:modified_time\" content=\"2025-12-01T15:04:25+00:00\" \/>\n<meta name=\"twitter:card\" content=\"summary_large_image\" \/>\n<script type=\"application\/ld+json\" class=\"yoast-schema-graph\">{\"@context\":\"https:\/\/schema.org\",\"@graph\":[{\"@type\":\"WebPage\",\"@id\":\"https:\/\/muzikinis-teatras.tandemumstage.space\/en\/archive-of-performances\/\",\"url\":\"https:\/\/muzikinis-teatras.tandemumstage.space\/en\/archive-of-performances\/\",\"name\":\"Archive of Performances - Muzikinis Teatras\",\"isPartOf\":{\"@id\":\"https:\/\/muzikinis-teatras.tandemumstage.space\/en\/#website\"},\"datePublished\":\"2024-10-16T12:24:30+00:00\",\"dateModified\":\"2025-12-01T15:04:25+00:00\",\"breadcrumb\":{\"@id\":\"https:\/\/muzikinis-teatras.tandemumstage.space\/en\/archive-of-performances\/#breadcrumb\"},\"inLanguage\":\"en-US\",\"potentialAction\":[{\"@type\":\"ReadAction\",\"target\":[\"https:\/\/muzikinis-teatras.tandemumstage.space\/en\/archive-of-performances\/\"]}]},{\"@type\":\"BreadcrumbList\",\"@id\":\"https:\/\/muzikinis-teatras.tandemumstage.space\/en\/archive-of-performances\/#breadcrumb\",\"itemListElement\":[{\"@type\":\"ListItem\",\"position\":1,\"name\":\"Home\",\"item\":\"https:\/\/muzikinis-teatras.tandemumstage.space\/en\/\"},{\"@type\":\"ListItem\",\"position\":2,\"name\":\"Archive of Performances\"}]},{\"@type\":\"WebSite\",\"@id\":\"https:\/\/muzikinis-teatras.tandemumstage.space\/en\/#website\",\"url\":\"https:\/\/muzikinis-teatras.tandemumstage.space\/en\/\",\"name\":\"Muzikinis Teatras\",\"description\":\"Kaunas National Music Theater\",\"potentialAction\":[{\"@type\":\"SearchAction\",\"target\":{\"@type\":\"EntryPoint\",\"urlTemplate\":\"https:\/\/muzikinis-teatras.tandemumstage.space\/en\/?s={search_term_string}\"},\"query-input\":{\"@type\":\"PropertyValueSpecification\",\"valueRequired\":true,\"valueName\":\"search_term_string\"}}],\"inLanguage\":\"en-US\"}]}<\/script>\n<!-- \/ Yoast SEO plugin. -->","yoast_head_json":{"title":"Archive of Performances - Muzikinis Teatras","robots":{"index":"noindex","follow":"follow","max-snippet":"max-snippet:-1","max-image-preview":"max-image-preview:large","max-video-preview":"max-video-preview:-1"},"og_locale":"en_US","og_type":"article","og_title":"Archive of Performances - Muzikinis Teatras","og_url":"https:\/\/muzikinis-teatras.tandemumstage.space\/en\/archive-of-performances\/","og_site_name":"Muzikinis Teatras","article_modified_time":"2025-12-01T15:04:25+00:00","twitter_card":"summary_large_image","schema":{"@context":"https:\/\/schema.org","@graph":[{"@type":"WebPage","@id":"https:\/\/muzikinis-teatras.tandemumstage.space\/en\/archive-of-performances\/","url":"https:\/\/muzikinis-teatras.tandemumstage.space\/en\/archive-of-performances\/","name":"Archive of Performances - Muzikinis Teatras","isPartOf":{"@id":"https:\/\/muzikinis-teatras.tandemumstage.space\/en\/#website"},"datePublished":"2024-10-16T12:24:30+00:00","dateModified":"2025-12-01T15:04:25+00:00","breadcrumb":{"@id":"https:\/\/muzikinis-teatras.tandemumstage.space\/en\/archive-of-performances\/#breadcrumb"},"inLanguage":"en-US","potentialAction":[{"@type":"ReadAction","target":["https:\/\/muzikinis-teatras.tandemumstage.space\/en\/archive-of-performances\/"]}]},{"@type":"BreadcrumbList","@id":"https:\/\/muzikinis-teatras.tandemumstage.space\/en\/archive-of-performances\/#breadcrumb","itemListElement":[{"@type":"ListItem","position":1,"name":"Home","item":"https:\/\/muzikinis-teatras.tandemumstage.space\/en\/"},{"@type":"ListItem","position":2,"name":"Archive of Performances"}]},{"@type":"WebSite","@id":"https:\/\/muzikinis-teatras.tandemumstage.space\/en\/#website","url":"https:\/\/muzikinis-teatras.tandemumstage.space\/en\/","name":"Muzikinis Teatras","description":"Kaunas National Music Theater","potentialAction":[{"@type":"SearchAction","target":{"@type":"EntryPoint","urlTemplate":"https:\/\/muzikinis-teatras.tandemumstage.space\/en\/?s={search_term_string}"},"query-input":{"@type":"PropertyValueSpecification","valueRequired":true,"valueName":"search_term_string"}}],"inLanguage":"en-US"}]}},"_links":{"self":[{"href":"https:\/\/muzikinis-teatras.tandemumstage.space\/en\/wp-json\/wp\/v2\/pages\/6113","targetHints":{"allow":["GET"]}}],"collection":[{"href":"https:\/\/muzikinis-teatras.tandemumstage.space\/en\/wp-json\/wp\/v2\/pages"}],"about":[{"href":"https:\/\/muzikinis-teatras.tandemumstage.space\/en\/wp-json\/wp\/v2\/types\/page"}],"author":[{"embeddable":true,"href":"https:\/\/muzikinis-teatras.tandemumstage.space\/en\/wp-json\/wp\/v2\/users\/1"}],"replies":[{"embeddable":true,"href":"https:\/\/muzikinis-teatras.tandemumstage.space\/en\/wp-json\/wp\/v2\/comments?post=6113"}],"version-history":[{"count":3,"href":"https:\/\/muzikinis-teatras.tandemumstage.space\/en\/wp-json\/wp\/v2\/pages\/6113\/revisions"}],"predecessor-version":[{"id":6116,"href":"https:\/\/muzikinis-teatras.tandemumstage.space\/en\/wp-json\/wp\/v2\/pages\/6113\/revisions\/6116"}],"wp:attachment":[{"href":"https:\/\/muzikinis-teatras.tandemumstage.space\/en\/wp-json\/wp\/v2\/media?parent=6113"}],"curies":[{"name":"wp","href":"https:\/\/api.w.org\/{rel}","templated":true}]}}