{"id":5734,"date":"2025-02-26T13:32:40","date_gmt":"2025-02-26T11:32:40","guid":{"rendered":"https:\/\/muzikinis-teatras.tandemumstage.space\/arts-council-of-kaunas-state-musical-theatre\/"},"modified":"2025-12-03T09:06:27","modified_gmt":"2025-12-03T07:06:27","slug":"theatre-arts-council","status":"publish","type":"page","link":"https:\/\/muzikinis-teatras.tandemumstage.space\/en\/theatre-arts-council\/","title":{"rendered":"Theater Arts Council"},"content":{"rendered":"<div class=\"richtext richtext--padding-bottom-half\">\n        <div class=\"container\">\n            <p>Chairman GIEDRIUS PRUNSKUS, soloist-vocalist of KSMT<\/p>\n<p>Members:<\/p>\n<p>&#8211;\u00a0Assoc. Prof. Dr. SAULIUS GERULIS, Dean of the Music Academy of Vytautas Magnus University;<br \/>\n&#8211; IRENA DID\u017dIULIEN\u0116, Chief specialist at the Ministry of Culture of the Republic of Lithuania;<br \/>\n&#8211; K\u0118STUTIS STASYS JAK\u0160TAS, Chief direktor of KSMT;<br \/>\n&#8211; JONAS JANULEVI\u010cIUS, Chief conductor of KSMT;<br \/>\n&#8211; RASA VAITKEVI\u010cI\u016aT\u0116, Chief choirmaster of KSMT;<br \/>\n&#8211; GEDIMINAS MACIULEVI\u010cIUS, soloist-vocalist of KSMT.<\/p>\n        <\/div>\n    <\/div>","protected":false},"excerpt":{"rendered":"","protected":false},"author":1,"featured_media":0,"parent":0,"menu_order":1,"comment_status":"closed","ping_status":"closed","template":"template-page-privacy-policy.blade.php","meta":{"_acf_changed":false,"inline_featured_image":false,"footnotes":""},"class_list":["post-5734","page","type-page","status-publish","hentry"],"acf":[],"yoast_head":"<!-- This site is optimized with the Yoast SEO plugin v24.9 - https:\/\/yoast.com\/wordpress\/plugins\/seo\/ -->\n<title>Theater Arts Council - Muzikinis Teatras<\/title>\n<meta name=\"robots\" content=\"noindex, follow, max-snippet:-1, max-image-preview:large, max-video-preview:-1\" \/>\n<meta property=\"og:locale\" content=\"en_US\" \/>\n<meta property=\"og:type\" content=\"article\" \/>\n<meta property=\"og:title\" content=\"Theater Arts Council - Muzikinis Teatras\" \/>\n<meta property=\"og:url\" content=\"https:\/\/muzikinis-teatras.tandemumstage.space\/en\/theatre-arts-council\/\" \/>\n<meta property=\"og:site_name\" content=\"Muzikinis Teatras\" \/>\n<meta property=\"article:modified_time\" content=\"2025-12-03T07:06:27+00:00\" \/>\n<meta name=\"twitter:card\" content=\"summary_large_image\" \/>\n<script type=\"application\/ld+json\" class=\"yoast-schema-graph\">{\"@context\":\"https:\/\/schema.org\",\"@graph\":[{\"@type\":\"WebPage\",\"@id\":\"https:\/\/muzikinis-teatras.tandemumstage.space\/en\/theatre-arts-council\/\",\"url\":\"https:\/\/muzikinis-teatras.tandemumstage.space\/en\/theatre-arts-council\/\",\"name\":\"Theater Arts Council - Muzikinis Teatras\",\"isPartOf\":{\"@id\":\"https:\/\/muzikinis-teatras.tandemumstage.space\/en\/#website\"},\"datePublished\":\"2025-02-26T11:32:40+00:00\",\"dateModified\":\"2025-12-03T07:06:27+00:00\",\"breadcrumb\":{\"@id\":\"https:\/\/muzikinis-teatras.tandemumstage.space\/en\/theatre-arts-council\/#breadcrumb\"},\"inLanguage\":\"en-US\",\"potentialAction\":[{\"@type\":\"ReadAction\",\"target\":[\"https:\/\/muzikinis-teatras.tandemumstage.space\/en\/theatre-arts-council\/\"]}]},{\"@type\":\"BreadcrumbList\",\"@id\":\"https:\/\/muzikinis-teatras.tandemumstage.space\/en\/theatre-arts-council\/#breadcrumb\",\"itemListElement\":[{\"@type\":\"ListItem\",\"position\":1,\"name\":\"Home\",\"item\":\"https:\/\/muzikinis-teatras.tandemumstage.space\/en\/\"},{\"@type\":\"ListItem\",\"position\":2,\"name\":\"Theater Arts Council\"}]},{\"@type\":\"WebSite\",\"@id\":\"https:\/\/muzikinis-teatras.tandemumstage.space\/en\/#website\",\"url\":\"https:\/\/muzikinis-teatras.tandemumstage.space\/en\/\",\"name\":\"Muzikinis Teatras\",\"description\":\"Kaunas National Music Theater\",\"potentialAction\":[{\"@type\":\"SearchAction\",\"target\":{\"@type\":\"EntryPoint\",\"urlTemplate\":\"https:\/\/muzikinis-teatras.tandemumstage.space\/en\/?s={search_term_string}\"},\"query-input\":{\"@type\":\"PropertyValueSpecification\",\"valueRequired\":true,\"valueName\":\"search_term_string\"}}],\"inLanguage\":\"en-US\"}]}<\/script>\n<!-- \/ Yoast SEO plugin. -->","yoast_head_json":{"title":"Theater Arts Council - Muzikinis Teatras","robots":{"index":"noindex","follow":"follow","max-snippet":"max-snippet:-1","max-image-preview":"max-image-preview:large","max-video-preview":"max-video-preview:-1"},"og_locale":"en_US","og_type":"article","og_title":"Theater Arts Council - Muzikinis Teatras","og_url":"https:\/\/muzikinis-teatras.tandemumstage.space\/en\/theatre-arts-council\/","og_site_name":"Muzikinis Teatras","article_modified_time":"2025-12-03T07:06:27+00:00","twitter_card":"summary_large_image","schema":{"@context":"https:\/\/schema.org","@graph":[{"@type":"WebPage","@id":"https:\/\/muzikinis-teatras.tandemumstage.space\/en\/theatre-arts-council\/","url":"https:\/\/muzikinis-teatras.tandemumstage.space\/en\/theatre-arts-council\/","name":"Theater Arts Council - Muzikinis Teatras","isPartOf":{"@id":"https:\/\/muzikinis-teatras.tandemumstage.space\/en\/#website"},"datePublished":"2025-02-26T11:32:40+00:00","dateModified":"2025-12-03T07:06:27+00:00","breadcrumb":{"@id":"https:\/\/muzikinis-teatras.tandemumstage.space\/en\/theatre-arts-council\/#breadcrumb"},"inLanguage":"en-US","potentialAction":[{"@type":"ReadAction","target":["https:\/\/muzikinis-teatras.tandemumstage.space\/en\/theatre-arts-council\/"]}]},{"@type":"BreadcrumbList","@id":"https:\/\/muzikinis-teatras.tandemumstage.space\/en\/theatre-arts-council\/#breadcrumb","itemListElement":[{"@type":"ListItem","position":1,"name":"Home","item":"https:\/\/muzikinis-teatras.tandemumstage.space\/en\/"},{"@type":"ListItem","position":2,"name":"Theater Arts Council"}]},{"@type":"WebSite","@id":"https:\/\/muzikinis-teatras.tandemumstage.space\/en\/#website","url":"https:\/\/muzikinis-teatras.tandemumstage.space\/en\/","name":"Muzikinis Teatras","description":"Kaunas National Music Theater","potentialAction":[{"@type":"SearchAction","target":{"@type":"EntryPoint","urlTemplate":"https:\/\/muzikinis-teatras.tandemumstage.space\/en\/?s={search_term_string}"},"query-input":{"@type":"PropertyValueSpecification","valueRequired":true,"valueName":"search_term_string"}}],"inLanguage":"en-US"}]}},"_links":{"self":[{"href":"https:\/\/muzikinis-teatras.tandemumstage.space\/en\/wp-json\/wp\/v2\/pages\/5734","targetHints":{"allow":["GET"]}}],"collection":[{"href":"https:\/\/muzikinis-teatras.tandemumstage.space\/en\/wp-json\/wp\/v2\/pages"}],"about":[{"href":"https:\/\/muzikinis-teatras.tandemumstage.space\/en\/wp-json\/wp\/v2\/types\/page"}],"author":[{"embeddable":true,"href":"https:\/\/muzikinis-teatras.tandemumstage.space\/en\/wp-json\/wp\/v2\/users\/1"}],"replies":[{"embeddable":true,"href":"https:\/\/muzikinis-teatras.tandemumstage.space\/en\/wp-json\/wp\/v2\/comments?post=5734"}],"version-history":[{"count":2,"href":"https:\/\/muzikinis-teatras.tandemumstage.space\/en\/wp-json\/wp\/v2\/pages\/5734\/revisions"}],"predecessor-version":[{"id":6830,"href":"https:\/\/muzikinis-teatras.tandemumstage.space\/en\/wp-json\/wp\/v2\/pages\/5734\/revisions\/6830"}],"wp:attachment":[{"href":"https:\/\/muzikinis-teatras.tandemumstage.space\/en\/wp-json\/wp\/v2\/media?parent=5734"}],"curies":[{"name":"wp","href":"https:\/\/api.w.org\/{rel}","templated":true}]}}