{"id":5697,"date":"2025-02-26T13:46:47","date_gmt":"2025-02-26T11:46:47","guid":{"rendered":"https:\/\/muzikinis-teatras.tandemumstage.space\/management\/"},"modified":"2025-12-03T12:47:52","modified_gmt":"2025-12-03T10:47:52","slug":"management","status":"publish","type":"page","link":"https:\/\/muzikinis-teatras.tandemumstage.space\/en\/management\/","title":{"rendered":"Management"},"content":{"rendered":"<div class=\"richtext\">\n        <div class=\"container\">\n            <p><a href=\"https:\/\/muzikinis-teatras.tandemumstage.space\/en\/performers\/benjaminas-zelvys\/\"><strong>General Manager Benjaminas \u017delvys<\/strong><\/a><\/p>\n<p><a href=\"https:\/\/muzikinis-teatras.tandemumstage.space\/en\/performers\/rimantas-lekavicius\/\"><strong>Vice-Manager of General Affairs Rimantas Lekavi\u010dius<\/strong><\/a><\/p>\n<p><a href=\"https:\/\/muzikinis-teatras.tandemumstage.space\/en\/performers\/asta-gontarskiene\/\"><strong>Vice-Manager of Financial Affairs Asta Gontarskien\u0117<\/strong><\/a><\/p>\n<p><a href=\"https:\/\/muzikinis-teatras.tandemumstage.space\/performers\/jonas-janulevicius\/\"><strong>Chief Conductor Jonas Janulevi\u010dius<\/strong><\/a><\/p>\n<p><a href=\"https:\/\/muzikinis-teatras.tandemumstage.space\/en\/performers\/kestutis-stasys-jakstas\/\"><strong>Chief Director K\u0119stutis Stasys Jak\u0161tas<\/strong><\/a><\/p>\n<p><a href=\"https:\/\/muzikinis-teatras.tandemumstage.space\/performers\/rasa-vaitkeviciute\/\"><strong>Chief Chorus Master Rasa Vaitkevi\u010di\u016bt\u0117<\/strong><\/a><\/p>\n<p><a href=\"https:\/\/muzikinis-teatras.tandemumstage.space\/performers\/aleksandras-jankauskas\/\"><strong>Chief Ballet Troupe Aleksandras Jankauskas<\/strong><\/a><\/p>\n<p>&nbsp;<\/p>\n        <\/div>\n    <\/div>","protected":false},"excerpt":{"rendered":"","protected":false},"author":1,"featured_media":0,"parent":0,"menu_order":0,"comment_status":"closed","ping_status":"closed","template":"template-page-privacy-policy.blade.php","meta":{"_acf_changed":false,"inline_featured_image":false,"footnotes":""},"class_list":["post-5697","page","type-page","status-publish","hentry"],"acf":[],"yoast_head":"<!-- This site is optimized with the Yoast SEO plugin v24.9 - https:\/\/yoast.com\/wordpress\/plugins\/seo\/ -->\n<title>Management - Muzikinis Teatras<\/title>\n<meta name=\"robots\" content=\"noindex, follow, max-snippet:-1, max-image-preview:large, max-video-preview:-1\" \/>\n<meta property=\"og:locale\" content=\"en_US\" \/>\n<meta property=\"og:type\" content=\"article\" \/>\n<meta property=\"og:title\" content=\"Management - Muzikinis Teatras\" \/>\n<meta property=\"og:url\" content=\"https:\/\/muzikinis-teatras.tandemumstage.space\/en\/management\/\" \/>\n<meta property=\"og:site_name\" content=\"Muzikinis Teatras\" \/>\n<meta property=\"article:modified_time\" content=\"2025-12-03T10:47:52+00:00\" \/>\n<meta name=\"twitter:card\" content=\"summary_large_image\" \/>\n<script type=\"application\/ld+json\" class=\"yoast-schema-graph\">{\"@context\":\"https:\/\/schema.org\",\"@graph\":[{\"@type\":\"WebPage\",\"@id\":\"https:\/\/muzikinis-teatras.tandemumstage.space\/en\/management\/\",\"url\":\"https:\/\/muzikinis-teatras.tandemumstage.space\/en\/management\/\",\"name\":\"Management - Muzikinis Teatras\",\"isPartOf\":{\"@id\":\"https:\/\/muzikinis-teatras.tandemumstage.space\/en\/#website\"},\"datePublished\":\"2025-02-26T11:46:47+00:00\",\"dateModified\":\"2025-12-03T10:47:52+00:00\",\"breadcrumb\":{\"@id\":\"https:\/\/muzikinis-teatras.tandemumstage.space\/en\/management\/#breadcrumb\"},\"inLanguage\":\"en-US\",\"potentialAction\":[{\"@type\":\"ReadAction\",\"target\":[\"https:\/\/muzikinis-teatras.tandemumstage.space\/en\/management\/\"]}]},{\"@type\":\"BreadcrumbList\",\"@id\":\"https:\/\/muzikinis-teatras.tandemumstage.space\/en\/management\/#breadcrumb\",\"itemListElement\":[{\"@type\":\"ListItem\",\"position\":1,\"name\":\"Home\",\"item\":\"https:\/\/muzikinis-teatras.tandemumstage.space\/en\/\"},{\"@type\":\"ListItem\",\"position\":2,\"name\":\"Management\"}]},{\"@type\":\"WebSite\",\"@id\":\"https:\/\/muzikinis-teatras.tandemumstage.space\/en\/#website\",\"url\":\"https:\/\/muzikinis-teatras.tandemumstage.space\/en\/\",\"name\":\"Muzikinis Teatras\",\"description\":\"Kaunas National Music Theater\",\"potentialAction\":[{\"@type\":\"SearchAction\",\"target\":{\"@type\":\"EntryPoint\",\"urlTemplate\":\"https:\/\/muzikinis-teatras.tandemumstage.space\/en\/?s={search_term_string}\"},\"query-input\":{\"@type\":\"PropertyValueSpecification\",\"valueRequired\":true,\"valueName\":\"search_term_string\"}}],\"inLanguage\":\"en-US\"}]}<\/script>\n<!-- \/ Yoast SEO plugin. -->","yoast_head_json":{"title":"Management - Muzikinis Teatras","robots":{"index":"noindex","follow":"follow","max-snippet":"max-snippet:-1","max-image-preview":"max-image-preview:large","max-video-preview":"max-video-preview:-1"},"og_locale":"en_US","og_type":"article","og_title":"Management - Muzikinis Teatras","og_url":"https:\/\/muzikinis-teatras.tandemumstage.space\/en\/management\/","og_site_name":"Muzikinis Teatras","article_modified_time":"2025-12-03T10:47:52+00:00","twitter_card":"summary_large_image","schema":{"@context":"https:\/\/schema.org","@graph":[{"@type":"WebPage","@id":"https:\/\/muzikinis-teatras.tandemumstage.space\/en\/management\/","url":"https:\/\/muzikinis-teatras.tandemumstage.space\/en\/management\/","name":"Management - Muzikinis Teatras","isPartOf":{"@id":"https:\/\/muzikinis-teatras.tandemumstage.space\/en\/#website"},"datePublished":"2025-02-26T11:46:47+00:00","dateModified":"2025-12-03T10:47:52+00:00","breadcrumb":{"@id":"https:\/\/muzikinis-teatras.tandemumstage.space\/en\/management\/#breadcrumb"},"inLanguage":"en-US","potentialAction":[{"@type":"ReadAction","target":["https:\/\/muzikinis-teatras.tandemumstage.space\/en\/management\/"]}]},{"@type":"BreadcrumbList","@id":"https:\/\/muzikinis-teatras.tandemumstage.space\/en\/management\/#breadcrumb","itemListElement":[{"@type":"ListItem","position":1,"name":"Home","item":"https:\/\/muzikinis-teatras.tandemumstage.space\/en\/"},{"@type":"ListItem","position":2,"name":"Management"}]},{"@type":"WebSite","@id":"https:\/\/muzikinis-teatras.tandemumstage.space\/en\/#website","url":"https:\/\/muzikinis-teatras.tandemumstage.space\/en\/","name":"Muzikinis Teatras","description":"Kaunas National Music Theater","potentialAction":[{"@type":"SearchAction","target":{"@type":"EntryPoint","urlTemplate":"https:\/\/muzikinis-teatras.tandemumstage.space\/en\/?s={search_term_string}"},"query-input":{"@type":"PropertyValueSpecification","valueRequired":true,"valueName":"search_term_string"}}],"inLanguage":"en-US"}]}},"_links":{"self":[{"href":"https:\/\/muzikinis-teatras.tandemumstage.space\/en\/wp-json\/wp\/v2\/pages\/5697","targetHints":{"allow":["GET"]}}],"collection":[{"href":"https:\/\/muzikinis-teatras.tandemumstage.space\/en\/wp-json\/wp\/v2\/pages"}],"about":[{"href":"https:\/\/muzikinis-teatras.tandemumstage.space\/en\/wp-json\/wp\/v2\/types\/page"}],"author":[{"embeddable":true,"href":"https:\/\/muzikinis-teatras.tandemumstage.space\/en\/wp-json\/wp\/v2\/users\/1"}],"replies":[{"embeddable":true,"href":"https:\/\/muzikinis-teatras.tandemumstage.space\/en\/wp-json\/wp\/v2\/comments?post=5697"}],"version-history":[{"count":4,"href":"https:\/\/muzikinis-teatras.tandemumstage.space\/en\/wp-json\/wp\/v2\/pages\/5697\/revisions"}],"predecessor-version":[{"id":6845,"href":"https:\/\/muzikinis-teatras.tandemumstage.space\/en\/wp-json\/wp\/v2\/pages\/5697\/revisions\/6845"}],"wp:attachment":[{"href":"https:\/\/muzikinis-teatras.tandemumstage.space\/en\/wp-json\/wp\/v2\/media?parent=5697"}],"curies":[{"name":"wp","href":"https:\/\/api.w.org\/{rel}","templated":true}]}}