{"id":5580,"date":"2024-10-16T14:24:44","date_gmt":"2024-10-16T12:24:44","guid":{"rendered":"https:\/\/muzikinis-teatras.tandemumstage.space\/apie-teatra\/"},"modified":"2025-12-03T09:03:32","modified_gmt":"2025-12-03T07:03:32","slug":"about-theatre","status":"publish","type":"page","link":"https:\/\/muzikinis-teatras.tandemumstage.space\/en\/about-theatre\/","title":{"rendered":"About theatre"},"content":{"rendered":"<div class=\"page-header\">\n        <div class=\"container\">\n            <h1 class=\"page-header__title\">Kaunas State Musical Theatre is the second largest professional Theatre in Lithuania.<\/h1>\n\n            <div class=\"page-header__text\"><p>We are a repertoire Theatre, which means that each year we begin our artistic season in October and it lasts until May.<\/p>\n<\/div>\n        <\/div>\n    <\/div><div class=\"richtext\">\n        <div class=\"container\">\n            <p>We have as many as 30 different performances in our repertoire, including operas, operettas, musicals, musical revues, concerts, dance performances, and shows for children.<br \/>\nWe are largely focused on the classical music: the majority of our performances are classical traditional pieces of musical stage genre. However, we are always open to new experiences and eager to bring new exquisite world-famous works to our viewers in Lithuania and present something new and great to our audience, which is marked by the addition to our repertoire of world-famous musicals during the recent years (Elton John and Tim Rice\u2019s \u201cAida\u201d, Frank Wildhorn\u2019s musical \u201cThe Count of Monte Cristo\u201d and the musical \u201cCarmen\u201d).<br \/>\nOur Theatre has deep traditions lasting for over 120 years. We have an abundant and flexible artistic troupe: a full symphonic orchestra, rhythmic band, ballet troupe, choir, over 30 soloist singers who perform all different genres \u2013 operas, operettas, musicals, rock-operas, heavy metal and pop-operas. Our whole production team is well recognized in Lithuania and abroad. We are interested in new opportunities granted to us by out-of-Theatre artists. We have a tradition of inviting visitor production teams and guest performers.<br \/>\nWe strive for the stage performances that are both educational and entertaining, leaving the visitor of the Theatre in awe of brilliance and great experience. <\/p>\n        <\/div>\n    <\/div><div class=\"text-with-tag\">\n        <div class=\"container\">\n            <span class=\"text-with-tag__tag\">Who we are<\/span>\n\n            <p class=\"text-with-tag__text\">\u0160is teatras \u2013 viena ry\u0161kiausi\u0173 kult\u016bros \u012fstaig\u0173 Lietuvoje, kur gyvuoja ir klesti \u012fvair\u016bs muzikiniai scenos meno \u017eanrai. \u010cia dirba ne tik tradicij\u0173 puosel\u0117tojai, bet ir naujovi\u0173 k\u016br\u0117jai, si\u016blantys plat\u0173 spektakli\u0173 pasirikim\u0105 \u2013 nuo oper\u0173 ir miuzikl\u0173 iki balet\u0173 ir k\u016brybini\u0173 projekt\u0173 vaikams. Kolektyvas \u2013 tai talentingi artistai, re\u017eisieriai, dirigentai ir dailininkai, kurie savo k\u016bryba \u012fkvepia t\u016bkstan\u010dius \u017ei\u016brov\u0173. Teatras siekia ne tik puosel\u0117ti auk\u0161t\u0105 menin\u012f lyg\u012f, bet ir atverti duris naujoms id\u0117joms, bendradarbiauti su u\u017esienio menininkais, kurti ry\u0161\u012f su visuomene. Kauno valstybinis muzikinis teatras \u2013 tai vieta, kur menas tampa gyvenimu, o spektaklis \u2013 ilgai i\u0161liekan\u010dia jausmine patirtimi.    <\/p>\n        <\/div>\n    <\/div><div class=\"features\">\n        <div class=\"container\">\n                            <h2 class=\"features__title\">Kult\u016brin\u0117s reik\u0161m\u0117s p\u0117dsakai<\/h2>\n            \n                            <div class=\"features__text\"><p>Kauno valstybinis muzikinis teatras \u2013 ne tik kult\u016bros \u012fstaiga, bet ir gyva Lietuvos teatro meno istorijos dalis. \u0160iame pastate gim\u0117 ir klest\u0117jo lietuvi\u0173 drama, opera bei baletas, o jo sienos iki \u0161iol saugo garsiausi\u0173 Lietuvos aktori\u0173, solist\u0173 ir \u0161ok\u0117j\u0173 atminim\u0105. Nuo 1940 m. teatras ne tik t\u0119sia legendinio Valstyb\u0117s teatro tradicijas, bet ir nuolat atnaujina muzikinio meno formas, jungdamas klasik\u0105 su \u0161iuolaikine k\u016bryba. \u010cia k\u016br\u0117 ir kuria geriausi Lietuvos bei u\u017esienio menininkai, o kiekvienas spektaklis \u2013 tai naujas kult\u016brinio paveldo sluoksnis. Kauno valstybinis muzikinis teatras yra vieta, kur istorija susitinka su \u0161iuolaikine k\u016bryba, kuriamas ne\u012fkainojamas kult\u016brinis palikimas.     <\/p>\n<\/div>\n            \n            <div class=\"features__items\">\n                                    <div class=\"features__item\">\n                                                    <div class=\"features__item-image-wrap\">\n                                <div class=\"features__item-image\">\n                                    <img loading=\"lazy\" decoding=\"async\" width=\"1\" height=\"1\" src=\"https:\/\/muzikinis-teatras.tandemumstage.space\/app\/uploads\/2024\/11\/stadium.svg\" class=\"attachment-tandemum-full size-tandemum-full\" alt=\"\" \/>                                <\/div>\n                            <\/div>\n                        \n                                                    <h2 class=\"features__item-title\">Teatro tradicijos ir vertyb\u0117s<\/h2>\n                        \n                                                    <p class=\"features__item-description\">Kauno valstybinis muzikinis teatras puosel\u0117ja ilgametes tradicijas, pristatydamas k\u016brinius, kurie perteikia lietuvi\u0173 ir pasaulio teatro meno vertybes, ugdo kult\u016brin\u012f s\u0105moningum\u0105 bei skatina menin\u0119 savirai\u0161k\u0105.<\/p>\n                                            <\/div>\n                                    <div class=\"features__item\">\n                                                    <div class=\"features__item-image-wrap\">\n                                <div class=\"features__item-image\">\n                                    <img loading=\"lazy\" decoding=\"async\" width=\"1\" height=\"1\" src=\"https:\/\/muzikinis-teatras.tandemumstage.space\/app\/uploads\/2024\/11\/groups.svg\" class=\"attachment-tandemum-full size-tandemum-full\" alt=\"\" \/>                                <\/div>\n                            <\/div>\n                        \n                                                    <h2 class=\"features__item-title\">Teatro sklaida<\/h2>\n                        \n                                                    <p class=\"features__item-description\">Teatras siekia kuo pla\u010diau skleisti muzikinio teatro men\u0105, pristatydamas \u012fvairius \u017eanrus ir bendradarbiaudamas su u\u017esienio menininkais.<\/p>\n                                            <\/div>\n                                    <div class=\"features__item\">\n                                                    <div class=\"features__item-image-wrap\">\n                                <div class=\"features__item-image\">\n                                    <img loading=\"lazy\" decoding=\"async\" width=\"1\" height=\"1\" src=\"https:\/\/muzikinis-teatras.tandemumstage.space\/app\/uploads\/2024\/11\/comedy.svg\" class=\"attachment-tandemum-full size-tandemum-full\" alt=\"\" \/>                                <\/div>\n                            <\/div>\n                        \n                                                    <h2 class=\"features__item-title\">Jaun\u0173 talent\u0173 skatinimas<\/h2>\n                        \n                                                    <p class=\"features__item-description\">Teatro veikloje dalyvauja jauni Lietuvos menininkai, kuriems suteikiama galimyb\u0117 augti, tobul\u0117ti ir realizuoti k\u016brybines id\u0117jas.<\/p>\n                                            <\/div>\n                                    <div class=\"features__item\">\n                                                    <div class=\"features__item-image-wrap\">\n                                <div class=\"features__item-image\">\n                                    <img loading=\"lazy\" decoding=\"async\" width=\"1\" height=\"1\" src=\"https:\/\/muzikinis-teatras.tandemumstage.space\/app\/uploads\/2024\/11\/movie.svg\" class=\"attachment-tandemum-full size-tandemum-full\" alt=\"\" \/>                                <\/div>\n                            <\/div>\n                        \n                                                    <h2 class=\"features__item-title\">Meno ugdymas<\/h2>\n                        \n                                                    <p class=\"features__item-description\">Teatras ugdo visuomen\u0117s kult\u016brin\u012f skon\u012f ir skatina susidom\u0117jim\u0105 profesionaliu muzikiniu menu.<\/p>\n                                            <\/div>\n                            <\/div>\n        <\/div>\n    <\/div><div class=\"cta-list\">\n        <div class=\"container\">\n                            <div class=\"cta-list__item\">\n                    <div class=\"cta-list__item-image\">\n                        <img loading=\"lazy\" decoding=\"async\" width=\"588\" height=\"392\" src=\"https:\/\/muzikinis-teatras.tandemumstage.space\/app\/uploads\/2025\/11\/IEjimo-koridorius_588x392.jpg\" class=\"attachment-tandemum-large size-tandemum-large\" alt=\"IEjimo_koridorius\" \/>                    <\/div>\n\n                    <div class=\"cta-list__item-content\">\n                        <h2 class=\"cta-list__item-title\">Hall plan<\/h2>\n\n                        <p class=\"cta-list__item-description\">Kauno valstybinio muzikinio teatro sal\u0117 pritaikyta patogiam \u017ei\u016brov\u0173 steb\u0117jimui ir kokybi\u0161kam garso bei vaizdo perteikimui. Skirtingos sal\u0117s zonos u\u017etikrina geriausi\u0105 matomum\u0105 ir akustik\u0105, o viet\u0173 i\u0161d\u0117stymas leid\u017eia patogiai m\u0117gautis spektakliais. <\/p>\n\n                        <a href=\"http:\/\/muzikinis-teatras.tandemumstage.space\/sales-planas\/\" class=\"button button__link button--brand\">\n                            Preview                        <\/a>\n                    <\/div>\n                <\/div>\n                            <div class=\"cta-list__item\">\n                    <div class=\"cta-list__item-image\">\n                        <img loading=\"lazy\" decoding=\"async\" width=\"588\" height=\"392\" src=\"https:\/\/muzikinis-teatras.tandemumstage.space\/app\/uploads\/2024\/11\/virtual-excursion.jpg\" class=\"attachment-tandemum-large size-tandemum-large\" alt=\"\" \/>                    <\/div>\n\n                    <div class=\"cta-list__item-content\">\n                        <h2 class=\"cta-list__item-title\">Virtual tour<\/h2>\n\n                        <p class=\"cta-list__item-description\">Leiskit\u0117s \u012f interaktyvi\u0105 kelion\u0119 po Kauno valstybinio muzikinio teatro erdves! Atraskite teatro istorij\u0105, unikali\u0105 architekt\u016br\u0105 nei\u0161eidami i\u0161 nam\u0173. Virtuali ekskursija leid\u017eia susipa\u017einti su teatro paslaptimis ir pajusti jo atmosfer\u0105 bet kuriuo metu.  <\/p>\n\n                        <a href=\"http:\/\/muzikinis-teatras.tandemumstage.space\/virtuali-ekskursija\/\" class=\"button button__link button--brand\">\n                            Preview                        <\/a>\n                    <\/div>\n                <\/div>\n                    <\/div>\n    <\/div><div class=\"cta cta--brand\">\n        <div class=\"container\">\n            <h2 class=\"cta__title\">Join our theatre team<\/h2>\n\n            <p class=\"cta__text\">Ar esate pasireng\u0119s leistis \u012f nepamir\u0161tam\u0105 k\u016brybin\u0119 kelion\u0119? Prisijunkite prie m\u016bs\u0173 teatro komandos ir tapkite dalimi \u012fkvepian\u010dio pasaulio, kuriame menas, k\u016brybi\u0161kumas ir bendradarbiavimas susilieja \u012f vien\u0105. <\/p>\n\n                            <div class=\"cta__button-wrap\">\n                    <a href=\"http:\/\/muzikinis-teatras.tandemumstage.space\/karjera\/\" class=\"button button__link button--white\">\n                        More                    <\/a>\n                <\/div>\n                    <\/div>\n    <\/div>","protected":false},"excerpt":{"rendered":"","protected":false},"author":1,"featured_media":0,"parent":0,"menu_order":23,"comment_status":"closed","ping_status":"closed","template":"","meta":{"_acf_changed":false,"inline_featured_image":false,"footnotes":""},"class_list":["post-5580","page","type-page","status-publish","hentry"],"acf":[],"yoast_head":"<!-- This site is optimized with the Yoast SEO plugin v24.9 - https:\/\/yoast.com\/wordpress\/plugins\/seo\/ -->\n<title>About theatre - Muzikinis Teatras<\/title>\n<meta name=\"robots\" content=\"noindex, follow, max-snippet:-1, max-image-preview:large, max-video-preview:-1\" \/>\n<meta property=\"og:locale\" content=\"en_US\" \/>\n<meta property=\"og:type\" content=\"article\" \/>\n<meta property=\"og:title\" content=\"About theatre - Muzikinis Teatras\" \/>\n<meta property=\"og:url\" content=\"https:\/\/muzikinis-teatras.tandemumstage.space\/en\/about-theatre\/\" \/>\n<meta property=\"og:site_name\" content=\"Muzikinis Teatras\" \/>\n<meta property=\"article:modified_time\" content=\"2025-12-03T07:03:32+00:00\" \/>\n<meta name=\"twitter:card\" content=\"summary_large_image\" \/>\n<script type=\"application\/ld+json\" class=\"yoast-schema-graph\">{\"@context\":\"https:\/\/schema.org\",\"@graph\":[{\"@type\":\"WebPage\",\"@id\":\"https:\/\/muzikinis-teatras.tandemumstage.space\/en\/about-theatre\/\",\"url\":\"https:\/\/muzikinis-teatras.tandemumstage.space\/en\/about-theatre\/\",\"name\":\"About theatre - Muzikinis Teatras\",\"isPartOf\":{\"@id\":\"https:\/\/muzikinis-teatras.tandemumstage.space\/en\/#website\"},\"datePublished\":\"2024-10-16T12:24:44+00:00\",\"dateModified\":\"2025-12-03T07:03:32+00:00\",\"breadcrumb\":{\"@id\":\"https:\/\/muzikinis-teatras.tandemumstage.space\/en\/about-theatre\/#breadcrumb\"},\"inLanguage\":\"en-US\",\"potentialAction\":[{\"@type\":\"ReadAction\",\"target\":[\"https:\/\/muzikinis-teatras.tandemumstage.space\/en\/about-theatre\/\"]}]},{\"@type\":\"BreadcrumbList\",\"@id\":\"https:\/\/muzikinis-teatras.tandemumstage.space\/en\/about-theatre\/#breadcrumb\",\"itemListElement\":[{\"@type\":\"ListItem\",\"position\":1,\"name\":\"Home\",\"item\":\"https:\/\/muzikinis-teatras.tandemumstage.space\/en\/\"},{\"@type\":\"ListItem\",\"position\":2,\"name\":\"About theatre\"}]},{\"@type\":\"WebSite\",\"@id\":\"https:\/\/muzikinis-teatras.tandemumstage.space\/en\/#website\",\"url\":\"https:\/\/muzikinis-teatras.tandemumstage.space\/en\/\",\"name\":\"Muzikinis Teatras\",\"description\":\"Kaunas National Music Theater\",\"potentialAction\":[{\"@type\":\"SearchAction\",\"target\":{\"@type\":\"EntryPoint\",\"urlTemplate\":\"https:\/\/muzikinis-teatras.tandemumstage.space\/en\/?s={search_term_string}\"},\"query-input\":{\"@type\":\"PropertyValueSpecification\",\"valueRequired\":true,\"valueName\":\"search_term_string\"}}],\"inLanguage\":\"en-US\"}]}<\/script>\n<!-- \/ Yoast SEO plugin. -->","yoast_head_json":{"title":"About theatre - Muzikinis Teatras","robots":{"index":"noindex","follow":"follow","max-snippet":"max-snippet:-1","max-image-preview":"max-image-preview:large","max-video-preview":"max-video-preview:-1"},"og_locale":"en_US","og_type":"article","og_title":"About theatre - Muzikinis Teatras","og_url":"https:\/\/muzikinis-teatras.tandemumstage.space\/en\/about-theatre\/","og_site_name":"Muzikinis Teatras","article_modified_time":"2025-12-03T07:03:32+00:00","twitter_card":"summary_large_image","schema":{"@context":"https:\/\/schema.org","@graph":[{"@type":"WebPage","@id":"https:\/\/muzikinis-teatras.tandemumstage.space\/en\/about-theatre\/","url":"https:\/\/muzikinis-teatras.tandemumstage.space\/en\/about-theatre\/","name":"About theatre - Muzikinis Teatras","isPartOf":{"@id":"https:\/\/muzikinis-teatras.tandemumstage.space\/en\/#website"},"datePublished":"2024-10-16T12:24:44+00:00","dateModified":"2025-12-03T07:03:32+00:00","breadcrumb":{"@id":"https:\/\/muzikinis-teatras.tandemumstage.space\/en\/about-theatre\/#breadcrumb"},"inLanguage":"en-US","potentialAction":[{"@type":"ReadAction","target":["https:\/\/muzikinis-teatras.tandemumstage.space\/en\/about-theatre\/"]}]},{"@type":"BreadcrumbList","@id":"https:\/\/muzikinis-teatras.tandemumstage.space\/en\/about-theatre\/#breadcrumb","itemListElement":[{"@type":"ListItem","position":1,"name":"Home","item":"https:\/\/muzikinis-teatras.tandemumstage.space\/en\/"},{"@type":"ListItem","position":2,"name":"About theatre"}]},{"@type":"WebSite","@id":"https:\/\/muzikinis-teatras.tandemumstage.space\/en\/#website","url":"https:\/\/muzikinis-teatras.tandemumstage.space\/en\/","name":"Muzikinis Teatras","description":"Kaunas National Music Theater","potentialAction":[{"@type":"SearchAction","target":{"@type":"EntryPoint","urlTemplate":"https:\/\/muzikinis-teatras.tandemumstage.space\/en\/?s={search_term_string}"},"query-input":{"@type":"PropertyValueSpecification","valueRequired":true,"valueName":"search_term_string"}}],"inLanguage":"en-US"}]}},"_links":{"self":[{"href":"https:\/\/muzikinis-teatras.tandemumstage.space\/en\/wp-json\/wp\/v2\/pages\/5580","targetHints":{"allow":["GET"]}}],"collection":[{"href":"https:\/\/muzikinis-teatras.tandemumstage.space\/en\/wp-json\/wp\/v2\/pages"}],"about":[{"href":"https:\/\/muzikinis-teatras.tandemumstage.space\/en\/wp-json\/wp\/v2\/types\/page"}],"author":[{"embeddable":true,"href":"https:\/\/muzikinis-teatras.tandemumstage.space\/en\/wp-json\/wp\/v2\/users\/1"}],"replies":[{"embeddable":true,"href":"https:\/\/muzikinis-teatras.tandemumstage.space\/en\/wp-json\/wp\/v2\/comments?post=5580"}],"version-history":[{"count":9,"href":"https:\/\/muzikinis-teatras.tandemumstage.space\/en\/wp-json\/wp\/v2\/pages\/5580\/revisions"}],"predecessor-version":[{"id":6827,"href":"https:\/\/muzikinis-teatras.tandemumstage.space\/en\/wp-json\/wp\/v2\/pages\/5580\/revisions\/6827"}],"wp:attachment":[{"href":"https:\/\/muzikinis-teatras.tandemumstage.space\/en\/wp-json\/wp\/v2\/media?parent=5580"}],"curies":[{"name":"wp","href":"https:\/\/api.w.org\/{rel}","templated":true}]}}