{"id":102,"date":"2024-10-18T09:25:55","date_gmt":"2024-10-18T09:25:55","guid":{"rendered":"http:\/\/localhost:8080\/my-account\/"},"modified":"2025-11-29T15:29:01","modified_gmt":"2025-11-29T13:29:01","slug":"my-account","status":"publish","type":"page","link":"https:\/\/muzikinis-teatras.tandemumstage.space\/en\/my-account\/","title":{"rendered":"My Account"},"content":{"rendered":"<div class=\"woocommerce\">\n<div class=\"container\">\n\t<div class=\"login-form\">\n\n\t\t<div class=\"login-form__login login-form__login--show\">\n\t\t\t<div class=\"woocommerce-notices-wrapper\"><\/div>\n\t\t\t\n\t\t\t<h2 class=\"login-form__title\">Sign in<\/h2>\n\n\t\t\t<form class=\"login-form__form woocommerce-form woocommerce-form-login login\" method=\"post\">\n\t\t\t\t\n\t\t\t\t<p class=\"login-form__row woocommerce-form-row woocommerce-form-row--wide form-row form-row-wide\">\n\t\t\t\t\t<label class=\"login-form__label\" for=\"username\">\n\t\t\t\t\t\tE-mail\t\t\t\t\t\t<span class=\"screen-reader-text\">Required<\/span>\n\t\t\t\t\t<\/label>\n\t\t\t\t\t<input type=\"email\"\n\t\t\t\t\t\tclass=\"login-form__input woocommerce-Input woocommerce-Input--text input-text\"\n\t\t\t\t\t\tname=\"username\"\n\t\t\t\t\t\tid=\"username\"\n\t\t\t\t\t\tautocomplete=\"username\"\n\t\t\t\t\t\tvalue=\"\"\n\t\t\t\t\t\trequired aria-required=\"true\"\n\t\t\t\t\t\tplaceholder=\"Enter your email address\"\n\t\t\t\t\t\toninvalid=\"this.setCustomValidity('Pra\u0161ome \u012fvesti el. pa\u0161to adres\u0105.')\"\n\t\t\t\t\t\toninput=\"this.setCustomValidity('')\" \/>\n\t\t\t\t<\/p>\n\n\t\t\t\t<p class=\"login-form__row woocommerce-form-row--wide form-row form-row-wide\">\n\t\t\t\t\t<label class=\"login-form__label\" for=\"password\">\n\t\t\t\t\t\tPassword\t\t\t\t\t\t<span class=\"screen-reader-text\">Required<\/span>\n\t\t\t\t\t<\/label>\n\t\t\t\t\t<input class=\"login-form__input woocommerce-Input woocommerce-Input--text input-text\"\n\t\t\t\t\t\ttype=\"password\"\n\t\t\t\t\t\tname=\"password\"\n\t\t\t\t\t\tid=\"password\"\n\t\t\t\t\t\tautocomplete=\"current-password\"\n\t\t\t\t\t\trequired aria-required=\"true\"\n\t\t\t\t\t\tplaceholder=\"Enter your password\"\n\t\t\t\t\t\toninvalid=\"this.setCustomValidity('Pra\u0161ome \u012fvesti slapta\u017eod\u012f.')\"\n\t\t\t\t\t\toninput=\"this.setCustomValidity('')\" \/>\n\t\t\t\t<\/p>\n\n\t\t\t\t\n\t\t\t\t<p class=\"login-form__row woocommerce-LostPassword lost_password\">\n\t\t\t\t\t<a href=\"https:\/\/muzikinis-teatras.tandemumstage.space\/en\/my-account\/lost-password\/\" class=\"login-form__reset-form-link\">\n\t\t\t\t\t\tForgot your password?\t\t\t\t\t<\/a>\n\t\t\t\t<\/p>\n\n\t\t\t\t<p class=\"login-form__row form-row\">\n\t\t\t\t\t<input type=\"hidden\" id=\"woocommerce-login-nonce\" name=\"woocommerce-login-nonce\" value=\"c915d18256\" \/><input type=\"hidden\" name=\"_wp_http_referer\" value=\"\/en\/wp-json\/wp\/v2\/pages\/102\" \/>\t\t\t\t\t<button name=\"login\" type=\"submit\" class=\"button button--full-width button__link button--brand\">\n\t\t\t\t\t\tSign in\t\t\t\t\t<\/button>\n\t\t\t\t<\/p>\n\n\t\t\t\t<p class=\"login-form__row login-form__go-to-link form-row\">\n\t\t\t\t\tDon\u2019t have an account?\t\t\t\t\t<a href=\"https:\/\/muzikinis-teatras.tandemumstage.space\/en\/my-account\/?register=1\">\n\t\t\t\t\t\tSign up\t\t\t\t\t<\/a>\n\t\t\t\t<\/p>\n\n\t\t\t\t\t\t\t<\/form>\n\n\t\t\t\t\t<\/div>\n\n\t\t\n\t\t\t<div class=\"login-form__register\">\n\t\t\t\t<div class=\"woocommerce-notices-wrapper\"><\/div>\n\t\t\t\t\n\t\t\t\t<h2 class=\"login-form__title\">Registration<\/h2>\n\n\t\t\t\t<form method=\"post\"\n\t\t\t\t\tclass=\"login-form__form woocommerce-form woocommerce-form-register register\"\n\t\t\t\t\t >\n\n\t\t\t\t\t\n\t\t\t\t\t\n\t\t\t\t\t<p class=\"login-form__col login-form__col--first woocommerce-form-row form-row form-row-half\">\n\t\t\t\t\t\t<label class=\"login-form__label\" for=\"reg_firstname\">\n\t\t\t\t\t\t\tName\t\t\t\t\t\t\t<span class=\"screen-reader-text\">Required<\/span>\n\t\t\t\t\t\t<\/label>\n\t\t\t\t\t\t<input type=\"text\"\n\t\t\t\t\t\t\tclass=\"login-form__input\"\n\t\t\t\t\t\t\tname=\"firstname\"\n\t\t\t\t\t\t\tid=\"reg_firstname\"\n\t\t\t\t\t\t\tautocomplete=\"given-name\"\n\t\t\t\t\t\t\tvalue=\"\"\n\t\t\t\t\t\t\trequired aria-required=\"true\"\n\t\t\t\t\t\t\tplaceholder=\"Enter your name\"\n\t\t\t\t\t\t\toninvalid=\"this.setCustomValidity('Pra\u0161ome \u012fvesti vard\u0105.')\"\n\t\t\t\t\t\t\toninput=\"this.setCustomValidity('')\" \/>\n\t\t\t\t\t<\/p>\n\n\t\t\t\t\t<p class=\"login-form__col login-form__col--last woocommerce-form-row form-row form-row-half\">\n\t\t\t\t\t\t<label class=\"login-form__label\" for=\"reg_lastname\">\n\t\t\t\t\t\t\tSurname\t\t\t\t\t\t\t<span class=\"screen-reader-text\">Required<\/span>\n\t\t\t\t\t\t<\/label>\n\t\t\t\t\t\t<input type=\"text\"\n\t\t\t\t\t\t\tclass=\"login-form__input\"\n\t\t\t\t\t\t\tname=\"lastname\"\n\t\t\t\t\t\t\tid=\"reg_lastname\"\n\t\t\t\t\t\t\tautocomplete=\"family-name\"\n\t\t\t\t\t\t\tvalue=\"\"\n\t\t\t\t\t\t\trequired aria-required=\"true\"\n\t\t\t\t\t\t\tplaceholder=\"Enter surname\"\n\t\t\t\t\t\t\toninvalid=\"this.setCustomValidity('Pra\u0161ome \u012fvesti pavard\u0119.')\"\n\t\t\t\t\t\t\toninput=\"this.setCustomValidity('')\" \/>\n\t\t\t\t\t<\/p>\n\n\t\t\t\t\t<p class=\"login-form__row woocommerce-form-row form-row form-row-wide\">\n\t\t\t\t\t\t<label class=\"login-form__label\" for=\"reg_email\">\n\t\t\t\t\t\t\tE-mail\t\t\t\t\t\t\t<span class=\"screen-reader-text\">Required<\/span>\n\t\t\t\t\t\t<\/label>\n\t\t\t\t\t\t<input type=\"email\"\n\t\t\t\t\t\t\tclass=\"login-form__input\"\n\t\t\t\t\t\t\tname=\"email\"\n\t\t\t\t\t\t\tid=\"reg_email\"\n\t\t\t\t\t\t\tautocomplete=\"email\"\n\t\t\t\t\t\t\tvalue=\"\"\n\t\t\t\t\t\t\trequired aria-required=\"true\"\n\t\t\t\t\t\t\tplaceholder=\"Enter your email\"\n\t\t\t\t\t\t\toninvalid=\"this.setCustomValidity('Pra\u0161ome \u012fvesti el. pa\u0161to adres\u0105.')\"\n\t\t\t\t\t\t\toninput=\"this.setCustomValidity('')\" \/>\n\t\t\t\t\t<\/p>\n\n\t\t\t\t\t<p class=\"login-form__col login-form__col--first woocommerce-form-row form-row form-row-half\">\n\t\t\t\t\t\t<label class=\"login-form__label\" for=\"reg_phone\">\n\t\t\t\t\t\t\tPhone number\t\t\t\t\t\t\t<span class=\"screen-reader-text\">Required<\/span>\n\t\t\t\t\t\t<\/label>\n\t\t\t\t\t\t<input type=\"tel\"\n\t\t\t\t\t\t\tclass=\"login-form__input\"\n\t\t\t\t\t\t\tname=\"phone\"\n\t\t\t\t\t\t\tid=\"reg_phone\"\n\t\t\t\t\t\t\tautocomplete=\"tel\"\n\t\t\t\t\t\t\tvalue=\"\"\n\t\t\t\t\t\t\trequired aria-required=\"true\"\n\t\t\t\t\t\t\tplaceholder=\"+370 (6) XXXXXXX\"\n\t\t\t\t\t\t\tpattern=\"^\\+?[0-9\\s\\-\\(\\)]{7,20}$\"\n\t\t\t\t\t\t\tminlength=\"7\"\n\t\t\t\t\t\t\tmaxlength=\"20\"\n\t\t\t\t\t\t\ttitle=\"\u012eveskite teising\u0105 telefono numer\u012f (gali b\u016bti su +, tarpeliais ir skliausteliais).\"\n\t\t\t\t\t\t\toninvalid=\"this.setCustomValidity('Pra\u0161ome \u012fvesti telefono numer\u012f.')\"\n\t\t\t\t\t\t\toninput=\"this.setCustomValidity('')\" \/>\n\t\t\t\t\t<\/p>\n\n\t\t\t\t\t<p class=\"login-form__col login-form__col--last login-form__row form-row form-row-half\">\n\t\t\t\t\t\t<label class=\"login-form__label\" for=\"reg_birthdate\">\n\t\t\t\t\t\t\tDate of birth\t\t\t\t\t\t\t&nbsp;<span class=\"optional\" aria-hidden=\"true\">(not required)<\/span>\n\t\t\t\t\t\t<\/label>\n\t\t\t\t\t\t<span class=\"login-form__datepicker\">\n\t\t\t\t\t\t\t<input type=\"text\"\n\t\t\t\t\t\t\t\tclass=\"account-date-picker login-form__input\"\n\t\t\t\t\t\t\t\tname=\"birthdate\"\n\t\t\t\t\t\t\t\tid=\"reg_birthdate\"\n\t\t\t\t\t\t\t\tautocomplete=\"off\"\n\t\t\t\t\t\t\t\tinputmode=\"numeric\"\n\t\t\t\t\t\t\t\tmaxlength=\"10\"\n\t\t\t\t\t\t\t\tpattern=\"^\\d{4}\\\/\\d{2}\\\/\\d{2}$\"\n\t\t\t\t\t\t\t\ttitle=\"\u012eveskite dat\u0105 formatu YYYY\/MM\/DD, pvz.: 1990\/05\/21\"\n\t\t\t\t\t\t\t\tvalue=\"\"\n\t\t\t\t\t\t\t\tplaceholder=\"YYYY\/MM\/DD\" \n\t\t\t\t\t\t\t\treadonly \/>\n\t\t\t\t\t\t<\/span>\n\t\t\t\t\t<\/p>\n\n\t\t\t\t\t\t\t\t\t\t\t<p class=\"login-form__row form-row form-row-wide\">\n\t\t\t\t\t\t\t<label class=\"login-form__label\" for=\"reg_password\">\n\t\t\t\t\t\t\t\tPassword\t\t\t\t\t\t\t\t<span class=\"screen-reader-text\">Required<\/span>\n\t\t\t\t\t\t\t<\/label>\n\t\t\t\t\t\t\t<input type=\"password\"\n\t\t\t\t\t\t\t\tclass=\"login-form__input woocommerce-Input woocommerce-Input--text input-text\"\n\t\t\t\t\t\t\t\tname=\"password\"\n\t\t\t\t\t\t\t\tid=\"reg_password\"\n\t\t\t\t\t\t\t\tautocomplete=\"new-password\"\n\t\t\t\t\t\t\t\trequired aria-required=\"true\"\n\t\t\t\t\t\t\t\tplaceholder=\"Enter your password\"\n\t\t\t\t\t\t\t\toninvalid=\"this.setCustomValidity('Pra\u0161ome \u012fvesti slapta\u017eod\u012f.')\"\n\t\t\t\t\t\t\t\toninput=\"this.setCustomValidity('')\" \/>\n\t\t\t\t\t\t<\/p>\n\n\t\t\t\t\t\t<p class=\"login-form__row form-row form-row-wide\">\n\t\t\t\t\t\t\t<label class=\"login-form__label\" for=\"reg_password_confirm\">\n\t\t\t\t\t\t\t\tConfirm your password\t\t\t\t\t\t\t\t<span class=\"screen-reader-text\">Required<\/span>\n\t\t\t\t\t\t\t<\/label>\n\t\t\t\t\t\t\t<input type=\"password\"\n\t\t\t\t\t\t\t\tclass=\"login-form__input woocommerce-Input woocommerce-Input--text input-text\"\n\t\t\t\t\t\t\t\tname=\"password_confirm\"\n\t\t\t\t\t\t\t\tid=\"reg_password_confirm\"\n\t\t\t\t\t\t\t\tautocomplete=\"new-password\"\n\t\t\t\t\t\t\t\trequired aria-required=\"true\"\n\t\t\t\t\t\t\t\tplaceholder=\"Confirm your password\"\n\t\t\t\t\t\t\t\toninvalid=\"this.setCustomValidity('Pra\u0161ome pakartotinai \u012fvesti slapta\u017eod\u012f.')\"\n\t\t\t\t\t\t\t\toninput=\"this.setCustomValidity('')\" \/>\n\t\t\t\t\t\t<\/p>\n\t\t\t\t\t\n\t\t\t\t\t\n    <p class=\"login-form__row form-row woocommerce-form-row form-row\">\n        <label class=\"login-form__checkbox woocommerce-form__label-for-checkbox woocommerce-form-login__rememberme\">\n          <input\n    class=\"login-form__input-checkbox\"\n    name=\"privacy_policy\"\n    type=\"checkbox\"\n    id=\"privacy_policy\"\n    value=\"1\"\n    required\n    aria-required=\"true\"\n    oninvalid=\"this.setCustomValidity('Pra\u0161ome sutikti su Privatumo politika.')\"\n    oninput=\"this.setCustomValidity('')\" \/>\n\n            <span class=\"login-form__checkbox-label\">\n                I've read  and accept KVMT <a href=\"https:\/\/muzikinis-teatras.tandemumstage.space\/privatumo-politika\/\" target=\"_blank\">Privacy Policy<\/a>            <\/span>\n        <\/label>\n    <\/p>\n\n    <wc-order-attribution-inputs><\/wc-order-attribution-inputs>\n\t\t\t\t\t<p class=\"login-form__row form-row\">\n\t\t\t\t\t\t<input type=\"hidden\" id=\"woocommerce-register-nonce\" name=\"woocommerce-register-nonce\" value=\"c2e85cd032\" \/><input type=\"hidden\" name=\"_wp_http_referer\" value=\"\/en\/wp-json\/wp\/v2\/pages\/102\" \/>\t\t\t\t\t\t<button type=\"submit\"\n\t\t\t\t\t\t\tclass=\"button button--full-width button__link button--brand\"\n\t\t\t\t\t\t\tname=\"register\"\n\t\t\t\t\t\t\tvalue=\"Sign up\">\n\t\t\t\t\t\t\tSign up\t\t\t\t\t\t<\/button>\n\t\t\t\t\t<\/p>\n\n\t\t\t\t\t<p class=\"login-form__row login-form__go-to-link form-row\">\n\t\t\t\t\t\tAlready have an account?\t\t\t\t\t\t<a href=\"https:\/\/muzikinis-teatras.tandemumstage.space\/en\/my-account\/\">\n\t\t\t\t\t\t\tSign in\t\t\t\t\t\t<\/a>\n\t\t\t\t\t<\/p>\n\n\t\t\t\t\t\t\t\t\t<\/form>\n\n\t\t\t\t\t\t\t<\/div>\n\n\t\t\n\t\t<div class=\"login-form__image\">\n\t\t\t<img loading=\"lazy\" decoding=\"async\" width=\"2048\" height=\"1362\" src=\"https:\/\/muzikinis-teatras.tandemumstage.space\/app\/uploads\/2025\/11\/Karmen_251001_033@2000px_1-2048x1362.jpg\" class=\"attachment-tandemum-full size-tandemum-full\" alt=\"\" \/>\t\t<\/div>\n\t<\/div>\n<\/div><\/div><p><\/p>","protected":false},"excerpt":{"rendered":"","protected":false},"author":1,"featured_media":0,"parent":0,"menu_order":7,"comment_status":"closed","ping_status":"closed","template":"","meta":{"_acf_changed":false,"inline_featured_image":false,"footnotes":""},"class_list":["post-102","page","type-page","status-publish","hentry"],"acf":[],"yoast_head":"<!-- This site is optimized with the Yoast SEO plugin v24.9 - https:\/\/yoast.com\/wordpress\/plugins\/seo\/ -->\n<title>My Account - Muzikinis Teatras<\/title>\n<meta name=\"robots\" content=\"noindex, follow, max-snippet:-1, max-image-preview:large, max-video-preview:-1\" \/>\n<meta property=\"og:locale\" content=\"en_US\" \/>\n<meta property=\"og:type\" content=\"article\" \/>\n<meta property=\"og:title\" content=\"My Account - Muzikinis Teatras\" \/>\n<meta property=\"og:url\" content=\"https:\/\/muzikinis-teatras.tandemumstage.space\/en\/my-account\/\" \/>\n<meta property=\"og:site_name\" content=\"Muzikinis Teatras\" \/>\n<meta property=\"article:modified_time\" content=\"2025-11-29T13:29:01+00:00\" \/>\n<meta name=\"twitter:card\" content=\"summary_large_image\" \/>\n<script type=\"application\/ld+json\" class=\"yoast-schema-graph\">{\"@context\":\"https:\/\/schema.org\",\"@graph\":[{\"@type\":\"WebPage\",\"@id\":\"https:\/\/muzikinis-teatras.tandemumstage.space\/en\/my-account\/\",\"url\":\"https:\/\/muzikinis-teatras.tandemumstage.space\/en\/my-account\/\",\"name\":\"My Account - Muzikinis Teatras\",\"isPartOf\":{\"@id\":\"https:\/\/muzikinis-teatras.tandemumstage.space\/en\/#website\"},\"datePublished\":\"2024-10-18T09:25:55+00:00\",\"dateModified\":\"2025-11-29T13:29:01+00:00\",\"breadcrumb\":{\"@id\":\"https:\/\/muzikinis-teatras.tandemumstage.space\/en\/my-account\/#breadcrumb\"},\"inLanguage\":\"en-US\",\"potentialAction\":[{\"@type\":\"ReadAction\",\"target\":[\"https:\/\/muzikinis-teatras.tandemumstage.space\/en\/my-account\/\"]}]},{\"@type\":\"BreadcrumbList\",\"@id\":\"https:\/\/muzikinis-teatras.tandemumstage.space\/en\/my-account\/#breadcrumb\",\"itemListElement\":[{\"@type\":\"ListItem\",\"position\":1,\"name\":\"Home\",\"item\":\"https:\/\/muzikinis-teatras.tandemumstage.space\/en\/\"},{\"@type\":\"ListItem\",\"position\":2,\"name\":\"My Account\"}]},{\"@type\":\"WebSite\",\"@id\":\"https:\/\/muzikinis-teatras.tandemumstage.space\/en\/#website\",\"url\":\"https:\/\/muzikinis-teatras.tandemumstage.space\/en\/\",\"name\":\"Muzikinis Teatras\",\"description\":\"Kaunas National Music Theater\",\"potentialAction\":[{\"@type\":\"SearchAction\",\"target\":{\"@type\":\"EntryPoint\",\"urlTemplate\":\"https:\/\/muzikinis-teatras.tandemumstage.space\/en\/?s={search_term_string}\"},\"query-input\":{\"@type\":\"PropertyValueSpecification\",\"valueRequired\":true,\"valueName\":\"search_term_string\"}}],\"inLanguage\":\"en-US\"}]}<\/script>\n<!-- \/ Yoast SEO plugin. -->","yoast_head_json":{"title":"My Account - Muzikinis Teatras","robots":{"index":"noindex","follow":"follow","max-snippet":"max-snippet:-1","max-image-preview":"max-image-preview:large","max-video-preview":"max-video-preview:-1"},"og_locale":"en_US","og_type":"article","og_title":"My Account - Muzikinis Teatras","og_url":"https:\/\/muzikinis-teatras.tandemumstage.space\/en\/my-account\/","og_site_name":"Muzikinis Teatras","article_modified_time":"2025-11-29T13:29:01+00:00","twitter_card":"summary_large_image","schema":{"@context":"https:\/\/schema.org","@graph":[{"@type":"WebPage","@id":"https:\/\/muzikinis-teatras.tandemumstage.space\/en\/my-account\/","url":"https:\/\/muzikinis-teatras.tandemumstage.space\/en\/my-account\/","name":"My Account - Muzikinis Teatras","isPartOf":{"@id":"https:\/\/muzikinis-teatras.tandemumstage.space\/en\/#website"},"datePublished":"2024-10-18T09:25:55+00:00","dateModified":"2025-11-29T13:29:01+00:00","breadcrumb":{"@id":"https:\/\/muzikinis-teatras.tandemumstage.space\/en\/my-account\/#breadcrumb"},"inLanguage":"en-US","potentialAction":[{"@type":"ReadAction","target":["https:\/\/muzikinis-teatras.tandemumstage.space\/en\/my-account\/"]}]},{"@type":"BreadcrumbList","@id":"https:\/\/muzikinis-teatras.tandemumstage.space\/en\/my-account\/#breadcrumb","itemListElement":[{"@type":"ListItem","position":1,"name":"Home","item":"https:\/\/muzikinis-teatras.tandemumstage.space\/en\/"},{"@type":"ListItem","position":2,"name":"My Account"}]},{"@type":"WebSite","@id":"https:\/\/muzikinis-teatras.tandemumstage.space\/en\/#website","url":"https:\/\/muzikinis-teatras.tandemumstage.space\/en\/","name":"Muzikinis Teatras","description":"Kaunas National Music Theater","potentialAction":[{"@type":"SearchAction","target":{"@type":"EntryPoint","urlTemplate":"https:\/\/muzikinis-teatras.tandemumstage.space\/en\/?s={search_term_string}"},"query-input":{"@type":"PropertyValueSpecification","valueRequired":true,"valueName":"search_term_string"}}],"inLanguage":"en-US"}]}},"_links":{"self":[{"href":"https:\/\/muzikinis-teatras.tandemumstage.space\/en\/wp-json\/wp\/v2\/pages\/102","targetHints":{"allow":["GET"]}}],"collection":[{"href":"https:\/\/muzikinis-teatras.tandemumstage.space\/en\/wp-json\/wp\/v2\/pages"}],"about":[{"href":"https:\/\/muzikinis-teatras.tandemumstage.space\/en\/wp-json\/wp\/v2\/types\/page"}],"author":[{"embeddable":true,"href":"https:\/\/muzikinis-teatras.tandemumstage.space\/en\/wp-json\/wp\/v2\/users\/1"}],"replies":[{"embeddable":true,"href":"https:\/\/muzikinis-teatras.tandemumstage.space\/en\/wp-json\/wp\/v2\/comments?post=102"}],"version-history":[{"count":1,"href":"https:\/\/muzikinis-teatras.tandemumstage.space\/en\/wp-json\/wp\/v2\/pages\/102\/revisions"}],"predecessor-version":[{"id":5773,"href":"https:\/\/muzikinis-teatras.tandemumstage.space\/en\/wp-json\/wp\/v2\/pages\/102\/revisions\/5773"}],"wp:attachment":[{"href":"https:\/\/muzikinis-teatras.tandemumstage.space\/en\/wp-json\/wp\/v2\/media?parent=102"}],"curies":[{"name":"wp","href":"https:\/\/api.w.org\/{rel}","templated":true}]}}